{"id":48,"date":"2024-02-16T19:10:02","date_gmt":"2024-02-16T18:10:02","guid":{"rendered":"https:\/\/beskardarts.com\/kontakt-3\/"},"modified":"2026-02-08T13:31:46","modified_gmt":"2026-02-08T12:31:46","slug":"contact","status":"publish","type":"page","link":"https:\/\/beskardarts.com\/hr\/contact\/","title":{"rendered":"Kontakt"},"content":{"rendered":"<h1 class=\"wp-block-heading alignwide has-text-align-center has-x-large-font-size\">Kontakt<\/h1>\n\n\n\n<div class=\"wp-block-group alignwide has-global-padding is-layout-constrained wp-container-core-group-is-layout-ae3536bf wp-block-group-is-layout-constrained\" style=\"padding-top:45px;padding-right:45px;padding-bottom:45px;padding-left:45px\">\n<p class=\"has-text-align-center\">Dobrodo\u0161li! Tu smo da vam pomognemo s bilo kakvim upitima. Molimo koristite sljede\u0107e kontakt podatke ili obrazac za kontakt. Obi\u010dno odgovaramo unutar 24 sata.<\/p>\n<\/div>\n\n\n\n<div class=\"wp-block-group alignwide has-tertiary-background-color has-background has-global-padding is-content-justification-center is-layout-constrained wp-container-core-group-is-layout-0b3ac0a1 wp-block-group-is-layout-constrained\" style=\"border-radius:20px;margin-top:30px;margin-bottom:0;padding-top:45px;padding-right:45px;padding-bottom:45px;padding-left:45px\">\n<div class=\"wp-block-columns alignwide is-layout-flex wp-container-core-columns-is-layout-a61c04bb wp-block-columns-is-layout-flex\">\n<div class=\"wp-block-column is-layout-flow wp-container-core-column-is-layout-30b9a3f6 wp-block-column-is-layout-flow\" style=\"padding-top:0;padding-right:0;padding-bottom:0;padding-left:0;flex-basis:50%\">\n<div style=\"height:15px\" aria-hidden=\"true\" class=\"wp-block-spacer\"><\/div>\n\n\n\n<h4 class=\"wp-block-heading has-large-font-size\" style=\"font-style:normal;font-weight:300\">Op\u0107i upiti i prodaja<\/h4>\n\n\n\n<p class=\"has-medium-font-size\"><strong>E-mail<\/strong>: info@beskardarts.com<\/p>\n\n\n\n<div style=\"height:15px\" aria-hidden=\"true\" class=\"wp-block-spacer\"><\/div>\n\n\n\n<h4 class=\"wp-block-heading has-large-font-size\" style=\"font-style:normal;font-weight:300\">Tehni\u010dka podr\u0161ka<\/h4>\n\n\n\n<p class=\"has-medium-font-size\"><strong>E-mail<\/strong>: support@beskardarts.com<\/p>\n\n\n\n<div style=\"height:15px\" aria-hidden=\"true\" class=\"wp-block-spacer\"><\/div>\n\n\n\n<h4 class=\"wp-block-heading has-large-font-size\" style=\"font-style:normal;font-weight:300\">Servis i op\u0107i kontakt<\/h4>\n\n\n\n<p><strong>Kontakt broj<\/strong>: +385 91 614 5718<\/p>\n\n\n\n<hr class=\"wp-block-separator has-alpha-channel-opacity is-style-default\" style=\"margin-top:25px;margin-bottom:25px\"\/>\n\n\n\n<div style=\"height:15px\" aria-hidden=\"true\" class=\"wp-block-spacer\"><\/div>\n\n\n\n<h3 class=\"wp-block-heading has-large-font-size\" style=\"font-style:normal;font-weight:300\">\u010cesto postavljena pitanja<\/h3>\n\n\n\n<p class=\"has-primary-color has-text-color has-link-color wp-elements-1c9aebdd6469d6b15d502a66181747f0 translation-block\">Za \u010desto postavljana pitanja, molimo posjetite na\u0161u <strong><a href=\"https:\/\/beskardarts.com\/hr\/nova01\/#qna\" target=\"_self\">rubriku s pitanjima<\/a> <\/strong>.<\/p>\n\n\n\n<hr class=\"wp-block-separator has-alpha-channel-opacity is-style-default\" style=\"margin-top:25px;margin-bottom:25px\"\/>\n\n\n\n<div style=\"height:15px\" aria-hidden=\"true\" class=\"wp-block-spacer\"><\/div>\n\n\n\n<h3 class=\"wp-block-heading has-text-align-left has-medium-font-size\" style=\"font-style:normal;font-weight:500\">Informacije o tvrtki<\/h3>\n\n\n\n<p class=\"has-text-align-left has-small-font-size\">PKD Innovations d.o.o.<br>10040, Zagreb, Hrvatska<br><strong>VAT ID<\/strong>: HR06445449188<br><strong>IBAN:<\/strong> HR5924840081135371580<\/p>\n<\/div>\n\n\n\n<div class=\"wp-block-column is-vertically-aligned-top is-layout-flow wp-block-column-is-layout-flow\" style=\"padding-top:0;padding-right:0;padding-bottom:0;padding-left:0;flex-basis:50%\"><div class=\"wp-block-jetpack-contact-form is-style-outlined wp-elements-d2babdd34d74d0fbdb8033224b8382a6\"><a href=\"https:\/\/beskardarts.com\/hr\/contact\/\" target=\"_blank\" rel=\"noopener noreferrer\">Submit a form.<\/a><\/div><\/div>\n<\/div>\n<\/div>","protected":false},"excerpt":{"rendered":"<p>Contact Welcome! We&#8217;re here to assist you with any inquiries. Please use the following contact details or the form to reach out. We will typically respond within 24 hours. General Inquiries &amp; Sales Email: info@beskardarts.com Technical Support Email: support@beskardarts.com Service &amp; General Contact Phone: +385 91 614 5718 FAQ For common questions, please visit our [&hellip;]<\/p>","protected":false},"author":246596420,"featured_media":0,"parent":0,"menu_order":0,"comment_status":"closed","ping_status":"closed","template":"","meta":{"_eb_attr":"","_monsterinsights_skip_tracking":false,"_monsterinsights_sitenote_active":false,"_monsterinsights_sitenote_note":"","_monsterinsights_sitenote_category":0,"footnotes":""},"class_list":["post-48","page","type-page","status-publish","hentry"],"yoast_head":"<!-- This site is optimized with the Yoast SEO plugin v27.4 - https:\/\/yoast.com\/product\/yoast-seo-wordpress\/ -->\n<title>BESKAR DARTS Contact Info - Get in Touch with Us<\/title>\n<meta name=\"description\" content=\"Discover BESKAR DARTS Contact Info for any inquiries. Reach out to us via email, phone, or visit our office in Zagreb. We&#039;re here to help.\" \/>\n<meta name=\"robots\" content=\"index, follow, max-snippet:-1, max-image-preview:large, max-video-preview:-1\" \/>\n<link rel=\"canonical\" href=\"https:\/\/beskardarts.com\/hr\/contact\/\" \/>\n<meta property=\"og:locale\" content=\"hr_HR\" \/>\n<meta property=\"og:type\" content=\"article\" \/>\n<meta property=\"og:title\" content=\"BESKAR DARTS Contact Info - Get in Touch with Us\" \/>\n<meta property=\"og:description\" content=\"Discover BESKAR DARTS Contact Info for any inquiries. Reach out to us via email, phone, or visit our office in Zagreb. We&#039;re here to help.\" \/>\n<meta property=\"og:url\" content=\"https:\/\/beskardarts.com\/hr\/contact\/\" \/>\n<meta property=\"og:site_name\" content=\"BESKAR DARTS - Professional Electronic Dart Machines\" \/>\n<meta property=\"article:publisher\" content=\"https:\/\/www.facebook.com\/profile.php?id=61561438780672\" \/>\n<meta property=\"article:modified_time\" content=\"2026-02-08T12:31:46+00:00\" \/>\n<meta name=\"twitter:card\" content=\"summary_large_image\" \/>\n<meta name=\"twitter:label1\" content=\"Procijenjeno vrijeme \u010ditanja\" \/>\n\t<meta name=\"twitter:data1\" content=\"1 minuta\" \/>\n<script type=\"application\/ld+json\" class=\"yoast-schema-graph\">{\"@context\":\"https:\\\/\\\/schema.org\",\"@graph\":[{\"@type\":\"WebPage\",\"@id\":\"https:\\\/\\\/beskardarts.com\\\/contact\\\/\",\"url\":\"https:\\\/\\\/beskardarts.com\\\/contact\\\/\",\"name\":\"BESKAR DARTS Contact Info - Get in Touch with Us\",\"isPartOf\":{\"@id\":\"https:\\\/\\\/beskardarts.com\\\/#website\"},\"datePublished\":\"2024-02-16T18:10:02+00:00\",\"dateModified\":\"2026-02-08T12:31:46+00:00\",\"description\":\"Discover BESKAR DARTS Contact Info for any inquiries. Reach out to us via email, phone, or visit our office in Zagreb. We're here to help.\",\"breadcrumb\":{\"@id\":\"https:\\\/\\\/beskardarts.com\\\/contact\\\/#breadcrumb\"},\"inLanguage\":\"hr\",\"potentialAction\":[{\"@type\":\"ReadAction\",\"target\":[\"https:\\\/\\\/beskardarts.com\\\/contact\\\/\"]}]},{\"@type\":\"BreadcrumbList\",\"@id\":\"https:\\\/\\\/beskardarts.com\\\/contact\\\/#breadcrumb\",\"itemListElement\":[{\"@type\":\"ListItem\",\"position\":1,\"name\":\"Home\",\"item\":\"https:\\\/\\\/beskardarts.com\\\/\"},{\"@type\":\"ListItem\",\"position\":2,\"name\":\"Contact\"}]},{\"@type\":\"WebSite\",\"@id\":\"https:\\\/\\\/beskardarts.com\\\/#website\",\"url\":\"https:\\\/\\\/beskardarts.com\\\/\",\"name\":\"BESKAR DARTS - Professional Electronic Dart Machines\",\"description\":\"&lt;strong&gt;&quot;Designed for Champions&quot;&lt;\\\/strong&gt;\",\"publisher\":{\"@id\":\"https:\\\/\\\/beskardarts.com\\\/#organization\"},\"potentialAction\":[{\"@type\":\"SearchAction\",\"target\":{\"@type\":\"EntryPoint\",\"urlTemplate\":\"https:\\\/\\\/beskardarts.com\\\/?s={search_term_string}\"},\"query-input\":{\"@type\":\"PropertyValueSpecification\",\"valueRequired\":true,\"valueName\":\"search_term_string\"}}],\"inLanguage\":\"hr\"},{\"@type\":\"Organization\",\"@id\":\"https:\\\/\\\/beskardarts.com\\\/#organization\",\"name\":\"PKD Innovations d.o.o.\",\"url\":\"https:\\\/\\\/beskardarts.com\\\/\",\"logo\":{\"@type\":\"ImageObject\",\"inLanguage\":\"hr\",\"@id\":\"https:\\\/\\\/beskardarts.com\\\/#\\\/schema\\\/logo\\\/image\\\/\",\"url\":\"https:\\\/\\\/i0.wp.com\\\/beskardarts.com\\\/wp-content\\\/uploads\\\/2024\\\/04\\\/logo-png.png?fit=568%2C568&ssl=1\",\"contentUrl\":\"https:\\\/\\\/i0.wp.com\\\/beskardarts.com\\\/wp-content\\\/uploads\\\/2024\\\/04\\\/logo-png.png?fit=568%2C568&ssl=1\",\"width\":568,\"height\":568,\"caption\":\"PKD Innovations d.o.o.\"},\"image\":{\"@id\":\"https:\\\/\\\/beskardarts.com\\\/#\\\/schema\\\/logo\\\/image\\\/\"},\"sameAs\":[\"https:\\\/\\\/www.facebook.com\\\/profile.php?id=61561438780672\",\"https:\\\/\\\/www.instagram.com\\\/beskardarts\\\/\",\"https:\\\/\\\/www.youtube.com\\\/@BESKARDARTS\"]}]}<\/script>\n<!-- \/ Yoast SEO plugin. -->","yoast_head_json":{"title":"BESKAR DARTS Contact Info - Get in Touch with Us","description":"Discover BESKAR DARTS Contact Info for any inquiries. Reach out to us via email, phone, or visit our office in Zagreb. We're here to help.","robots":{"index":"index","follow":"follow","max-snippet":"max-snippet:-1","max-image-preview":"max-image-preview:large","max-video-preview":"max-video-preview:-1"},"canonical":"https:\/\/beskardarts.com\/hr\/contact\/","og_locale":"hr_HR","og_type":"article","og_title":"BESKAR DARTS Contact Info - Get in Touch with Us","og_description":"Discover BESKAR DARTS Contact Info for any inquiries. Reach out to us via email, phone, or visit our office in Zagreb. We're here to help.","og_url":"https:\/\/beskardarts.com\/hr\/contact\/","og_site_name":"BESKAR DARTS - Professional Electronic Dart Machines","article_publisher":"https:\/\/www.facebook.com\/profile.php?id=61561438780672","article_modified_time":"2026-02-08T12:31:46+00:00","twitter_card":"summary_large_image","twitter_misc":{"Procijenjeno vrijeme \u010ditanja":"1 minuta"},"schema":{"@context":"https:\/\/schema.org","@graph":[{"@type":"WebPage","@id":"https:\/\/beskardarts.com\/contact\/","url":"https:\/\/beskardarts.com\/contact\/","name":"BESKAR DARTS Contact Info - Get in Touch with Us","isPartOf":{"@id":"https:\/\/beskardarts.com\/#website"},"datePublished":"2024-02-16T18:10:02+00:00","dateModified":"2026-02-08T12:31:46+00:00","description":"Discover BESKAR DARTS Contact Info for any inquiries. Reach out to us via email, phone, or visit our office in Zagreb. We're here to help.","breadcrumb":{"@id":"https:\/\/beskardarts.com\/contact\/#breadcrumb"},"inLanguage":"hr","potentialAction":[{"@type":"ReadAction","target":["https:\/\/beskardarts.com\/contact\/"]}]},{"@type":"BreadcrumbList","@id":"https:\/\/beskardarts.com\/contact\/#breadcrumb","itemListElement":[{"@type":"ListItem","position":1,"name":"Home","item":"https:\/\/beskardarts.com\/"},{"@type":"ListItem","position":2,"name":"Contact"}]},{"@type":"WebSite","@id":"https:\/\/beskardarts.com\/#website","url":"https:\/\/beskardarts.com\/","name":"BESKAR DARTS - Professional Electronic Dart Machines","description":"&lt;strong&gt;&quot;Designed for Champions&quot;&lt;\/strong&gt;","publisher":{"@id":"https:\/\/beskardarts.com\/#organization"},"potentialAction":[{"@type":"SearchAction","target":{"@type":"EntryPoint","urlTemplate":"https:\/\/beskardarts.com\/?s={search_term_string}"},"query-input":{"@type":"PropertyValueSpecification","valueRequired":true,"valueName":"search_term_string"}}],"inLanguage":"hr"},{"@type":"Organization","@id":"https:\/\/beskardarts.com\/#organization","name":"PKD Innovations d.o.o.","url":"https:\/\/beskardarts.com\/","logo":{"@type":"ImageObject","inLanguage":"hr","@id":"https:\/\/beskardarts.com\/#\/schema\/logo\/image\/","url":"https:\/\/i0.wp.com\/beskardarts.com\/wp-content\/uploads\/2024\/04\/logo-png.png?fit=568%2C568&ssl=1","contentUrl":"https:\/\/i0.wp.com\/beskardarts.com\/wp-content\/uploads\/2024\/04\/logo-png.png?fit=568%2C568&ssl=1","width":568,"height":568,"caption":"PKD Innovations d.o.o."},"image":{"@id":"https:\/\/beskardarts.com\/#\/schema\/logo\/image\/"},"sameAs":["https:\/\/www.facebook.com\/profile.php?id=61561438780672","https:\/\/www.instagram.com\/beskardarts\/","https:\/\/www.youtube.com\/@BESKARDARTS"]}]}},"jetpack_likes_enabled":true,"jetpack_sharing_enabled":true,"jetpack_shortlink":"https:\/\/wp.me\/PfwjJK-M","_links":{"self":[{"href":"https:\/\/beskardarts.com\/hr\/wp-json\/wp\/v2\/pages\/48","targetHints":{"allow":["GET"]}}],"collection":[{"href":"https:\/\/beskardarts.com\/hr\/wp-json\/wp\/v2\/pages"}],"about":[{"href":"https:\/\/beskardarts.com\/hr\/wp-json\/wp\/v2\/types\/page"}],"author":[{"embeddable":true,"href":"https:\/\/beskardarts.com\/hr\/wp-json\/wp\/v2\/users\/246596420"}],"replies":[{"embeddable":true,"href":"https:\/\/beskardarts.com\/hr\/wp-json\/wp\/v2\/comments?post=48"}],"version-history":[{"count":59,"href":"https:\/\/beskardarts.com\/hr\/wp-json\/wp\/v2\/pages\/48\/revisions"}],"predecessor-version":[{"id":2135,"href":"https:\/\/beskardarts.com\/hr\/wp-json\/wp\/v2\/pages\/48\/revisions\/2135"}],"wp:attachment":[{"href":"https:\/\/beskardarts.com\/hr\/wp-json\/wp\/v2\/media?parent=48"}],"curies":[{"name":"wp","href":"https:\/\/api.w.org\/{rel}","templated":true}]}}